{"id":1625,"date":"2023-05-09T10:00:14","date_gmt":"2023-05-09T08:00:14","guid":{"rendered":"https:\/\/printec.mesudesign.de\/imprint\/"},"modified":"2024-05-25T19:07:54","modified_gmt":"2024-05-25T17:07:54","slug":"imprint","status":"publish","type":"page","link":"https:\/\/www.printec-gmbh.de\/en\/imprint\/","title":{"rendered":"Imprint"},"content":{"rendered":"<h1>Imprint<\/h1>\n<p>printec GmbH<br \/>\nOn the Haderland 10<br \/>\n99894 Friedrichroda, OT Ernstroda, Germany<\/p>\n<p>Commercial register: HRB 502644<br \/>\nRegister court: Local court Jena<\/p>\n<p><strong>Represented by:<\/strong><br \/>\nDr. Matthias Sch\u00fctz<br \/>\nDipl. Kfm. Sven Kirchner<\/p>\n<h2>Contact<\/h2>\n<p>Phone: +49 [0] 36 23 &#8211; 31 18 20<br \/>\nE-mail: printec@printec-gmbh.de<\/p>\n<h2>Sales tax ID<\/h2>\n<p>Sales tax identification number according to \u00a7 27 a Umsatzsteuergesetz:<br \/>\nDE 213 393 647<\/p>\n<h2>Editorially responsible<\/h2>\n<p>Dipl. Kfm. Sven Kirchner<\/p>\n<h2>Web design<\/h2>\n<p><a href=\"https:\/\/mesudesign.de\" target=\"_blank\" rel=\"noopener\">MeSu Design | Melanie Sucker | Advertising agency for professional web and graphic design<\/a><\/p>\n<h2>EU Dispute Resolution<\/h2>\n<p>The European Commission provides a platform for online dispute resolution (ODR): <a href=\"https:\/\/ec.europa.eu\/consumers\/odr\/\" target=\"_blank\" rel=\"noopener noreferrer\">https:\/\/ec.europa.eu\/consumers\/odr\/.<\/a><br \/>\nYou can find our e-mail address in the imprint above.<\/p>\n<h2>Consumer dispute resolution\/universal arbitration board<\/h2>\n<p>We are not willing or obliged to participate in dispute resolution proceedings before a consumer arbitration board.<\/p>\n<h2>Central contact point under the Digital Services Act &#8211; DSA (Regulation (EU) 2022\/265)<\/h2>\n<p>You can reach our central contact point for users and authorities in accordance with Art. 11, 12 DSA as follows:<\/p>\n<p>E-mail: printec@printec-gmbh.de<br \/>\nPhone: +49 [0] 36 23 &#8211; 31 18 20<\/p>\n<p>Other contact channels:<br \/>\nprintec GmbH<br \/>\nOn the Haderland 10<br \/>\n99894 Friedrichroda, OT Ernstroda, Germany<\/p>\n<p>The languages available for contact are: German, English.<\/p>\n","protected":false},"excerpt":{"rendered":"<p>Imprint printec GmbH On the Haderland 10 99894 Friedrichroda, OT Ernstroda, Germany Commercial register: HRB 502644 Register court: Local court Jena Represented by: Dr. Matthias Sch\u00fctz Dipl. Kfm. Sven Kirchner Contact Phone: +49 [0] 36 23 &#8211; 31 18 20 E-mail: printec@printec-gmbh.de Sales tax ID Sales tax identification number according to \u00a7 27 a Umsatzsteuergesetz: [&#8230;]<\/p>\n","protected":false},"author":1,"featured_media":0,"parent":0,"menu_order":0,"comment_status":"closed","ping_status":"closed","template":"","meta":{"footnotes":""},"class_list":["post-1625","page","type-page","status-publish","hentry"],"yoast_head":"<!-- This site is optimized with the Yoast SEO plugin v26.1.1 - https:\/\/yoast.com\/wordpress\/plugins\/seo\/ -->\n<title>Imprint | printec GmbH | Testing, Printing, Colouring<\/title>\n<meta name=\"robots\" content=\"index, follow, max-snippet:-1, max-image-preview:large, max-video-preview:-1\" \/>\n<link rel=\"canonical\" href=\"https:\/\/www.printec-gmbh.de\/en\/imprint\/\" \/>\n<meta property=\"og:locale\" content=\"en_US\" \/>\n<meta property=\"og:type\" content=\"article\" \/>\n<meta property=\"og:title\" content=\"Imprint | printec GmbH | Testing, Printing, Colouring\" \/>\n<meta property=\"og:description\" content=\"Imprint printec GmbH On the Haderland 10 99894 Friedrichroda, OT Ernstroda, Germany Commercial register: HRB 502644 Register court: Local court Jena Represented by: Dr. Matthias Sch\u00fctz Dipl. Kfm. Sven Kirchner Contact Phone: +49 [0] 36 23 &#8211; 31 18 20 E-mail: printec@printec-gmbh.de Sales tax ID Sales tax identification number according to \u00a7 27 a Umsatzsteuergesetz: [...]\" \/>\n<meta property=\"og:url\" content=\"https:\/\/www.printec-gmbh.de\/en\/imprint\/\" \/>\n<meta property=\"og:site_name\" content=\"printec GmbH | Testing, Printing, Colouring\" \/>\n<meta property=\"article:modified_time\" content=\"2024-05-25T17:07:54+00:00\" \/>\n<meta property=\"og:image\" content=\"https:\/\/www.printec-gmbh.de\/wp-content\/uploads\/2023\/06\/Logo_vektorisiert.png\" \/>\n\t<meta property=\"og:image:width\" content=\"392\" \/>\n\t<meta property=\"og:image:height\" content=\"126\" \/>\n\t<meta property=\"og:image:type\" content=\"image\/png\" \/>\n<meta name=\"twitter:card\" content=\"summary_large_image\" \/>\n<meta name=\"twitter:label1\" content=\"Est. reading time\" \/>\n\t<meta name=\"twitter:data1\" content=\"1 minute\" \/>\n<script type=\"application\/ld+json\" class=\"yoast-schema-graph\">{\"@context\":\"https:\/\/schema.org\",\"@graph\":[{\"@type\":\"WebPage\",\"@id\":\"https:\/\/www.printec-gmbh.de\/en\/imprint\/\",\"url\":\"https:\/\/www.printec-gmbh.de\/en\/imprint\/\",\"name\":\"Imprint | printec GmbH | Testing, Printing, Colouring\",\"isPartOf\":{\"@id\":\"https:\/\/www.printec-gmbh.de\/en\/#website\"},\"datePublished\":\"2023-05-09T08:00:14+00:00\",\"dateModified\":\"2024-05-25T17:07:54+00:00\",\"breadcrumb\":{\"@id\":\"https:\/\/www.printec-gmbh.de\/en\/imprint\/#breadcrumb\"},\"inLanguage\":\"en-US\",\"potentialAction\":[{\"@type\":\"ReadAction\",\"target\":[\"https:\/\/www.printec-gmbh.de\/en\/imprint\/\"]}]},{\"@type\":\"BreadcrumbList\",\"@id\":\"https:\/\/www.printec-gmbh.de\/en\/imprint\/#breadcrumb\",\"itemListElement\":[{\"@type\":\"ListItem\",\"position\":1,\"name\":\"Startseite\",\"item\":\"https:\/\/www.printec-gmbh.de\/en\/\"},{\"@type\":\"ListItem\",\"position\":2,\"name\":\"Imprint\"}]},{\"@type\":\"WebSite\",\"@id\":\"https:\/\/www.printec-gmbh.de\/en\/#website\",\"url\":\"https:\/\/www.printec-gmbh.de\/en\/\",\"name\":\"printec GmbH | Testing, Printing, Colouring\",\"description\":\"Entdecken Sie das breite Spektrum an hochwertigen Druckfarben von printec, Ihrem Experten f\u00fcr chemische Formulierungen.\",\"publisher\":{\"@id\":\"https:\/\/www.printec-gmbh.de\/en\/#organization\"},\"alternateName\":\"UNSERE DRUCKFARBEN F\u00dcR SPEZIALM\u00c4RKTE\",\"potentialAction\":[{\"@type\":\"SearchAction\",\"target\":{\"@type\":\"EntryPoint\",\"urlTemplate\":\"https:\/\/www.printec-gmbh.de\/en\/?s={search_term_string}\"},\"query-input\":{\"@type\":\"PropertyValueSpecification\",\"valueRequired\":true,\"valueName\":\"search_term_string\"}}],\"inLanguage\":\"en-US\"},{\"@type\":\"Organization\",\"@id\":\"https:\/\/www.printec-gmbh.de\/en\/#organization\",\"name\":\"printec GmbH | Testing, Printing, Colouring\",\"alternateName\":\"UNSERE DRUCKFARBEN F\u00dcR SPEZIALM\u00c4RKTE. Entdecken Sie das breite Spektrum an hochwertigen Druckfarben von printec, Ihrem Experten f\u00fcr chemische Formulierungen.\",\"url\":\"https:\/\/www.printec-gmbh.de\/en\/\",\"logo\":{\"@type\":\"ImageObject\",\"inLanguage\":\"en-US\",\"@id\":\"https:\/\/www.printec-gmbh.de\/en\/#\/schema\/logo\/image\/\",\"url\":\"https:\/\/www.printec-gmbh.de\/wp-content\/uploads\/2023\/06\/Logo_vektorisiert.png\",\"contentUrl\":\"https:\/\/www.printec-gmbh.de\/wp-content\/uploads\/2023\/06\/Logo_vektorisiert.png\",\"width\":392,\"height\":126,\"caption\":\"printec GmbH | Testing, Printing, Colouring\"},\"image\":{\"@id\":\"https:\/\/www.printec-gmbh.de\/en\/#\/schema\/logo\/image\/\"}}]}<\/script>\n<!-- \/ Yoast SEO plugin. -->","yoast_head_json":{"title":"Imprint | printec GmbH | Testing, Printing, Colouring","robots":{"index":"index","follow":"follow","max-snippet":"max-snippet:-1","max-image-preview":"max-image-preview:large","max-video-preview":"max-video-preview:-1"},"canonical":"https:\/\/www.printec-gmbh.de\/en\/imprint\/","og_locale":"en_US","og_type":"article","og_title":"Imprint | printec GmbH | Testing, Printing, Colouring","og_description":"Imprint printec GmbH On the Haderland 10 99894 Friedrichroda, OT Ernstroda, Germany Commercial register: HRB 502644 Register court: Local court Jena Represented by: Dr. Matthias Sch\u00fctz Dipl. Kfm. Sven Kirchner Contact Phone: +49 [0] 36 23 &#8211; 31 18 20 E-mail: printec@printec-gmbh.de Sales tax ID Sales tax identification number according to \u00a7 27 a Umsatzsteuergesetz: [...]","og_url":"https:\/\/www.printec-gmbh.de\/en\/imprint\/","og_site_name":"printec GmbH | Testing, Printing, Colouring","article_modified_time":"2024-05-25T17:07:54+00:00","og_image":[{"width":392,"height":126,"url":"https:\/\/www.printec-gmbh.de\/wp-content\/uploads\/2023\/06\/Logo_vektorisiert.png","type":"image\/png"}],"twitter_card":"summary_large_image","twitter_misc":{"Est. reading time":"1 minute"},"schema":{"@context":"https:\/\/schema.org","@graph":[{"@type":"WebPage","@id":"https:\/\/www.printec-gmbh.de\/en\/imprint\/","url":"https:\/\/www.printec-gmbh.de\/en\/imprint\/","name":"Imprint | printec GmbH | Testing, Printing, Colouring","isPartOf":{"@id":"https:\/\/www.printec-gmbh.de\/en\/#website"},"datePublished":"2023-05-09T08:00:14+00:00","dateModified":"2024-05-25T17:07:54+00:00","breadcrumb":{"@id":"https:\/\/www.printec-gmbh.de\/en\/imprint\/#breadcrumb"},"inLanguage":"en-US","potentialAction":[{"@type":"ReadAction","target":["https:\/\/www.printec-gmbh.de\/en\/imprint\/"]}]},{"@type":"BreadcrumbList","@id":"https:\/\/www.printec-gmbh.de\/en\/imprint\/#breadcrumb","itemListElement":[{"@type":"ListItem","position":1,"name":"Startseite","item":"https:\/\/www.printec-gmbh.de\/en\/"},{"@type":"ListItem","position":2,"name":"Imprint"}]},{"@type":"WebSite","@id":"https:\/\/www.printec-gmbh.de\/en\/#website","url":"https:\/\/www.printec-gmbh.de\/en\/","name":"printec GmbH | Testing, Printing, Colouring","description":"Entdecken Sie das breite Spektrum an hochwertigen Druckfarben von printec, Ihrem Experten f\u00fcr chemische Formulierungen.","publisher":{"@id":"https:\/\/www.printec-gmbh.de\/en\/#organization"},"alternateName":"UNSERE DRUCKFARBEN F\u00dcR SPEZIALM\u00c4RKTE","potentialAction":[{"@type":"SearchAction","target":{"@type":"EntryPoint","urlTemplate":"https:\/\/www.printec-gmbh.de\/en\/?s={search_term_string}"},"query-input":{"@type":"PropertyValueSpecification","valueRequired":true,"valueName":"search_term_string"}}],"inLanguage":"en-US"},{"@type":"Organization","@id":"https:\/\/www.printec-gmbh.de\/en\/#organization","name":"printec GmbH | Testing, Printing, Colouring","alternateName":"UNSERE DRUCKFARBEN F\u00dcR SPEZIALM\u00c4RKTE. Entdecken Sie das breite Spektrum an hochwertigen Druckfarben von printec, Ihrem Experten f\u00fcr chemische Formulierungen.","url":"https:\/\/www.printec-gmbh.de\/en\/","logo":{"@type":"ImageObject","inLanguage":"en-US","@id":"https:\/\/www.printec-gmbh.de\/en\/#\/schema\/logo\/image\/","url":"https:\/\/www.printec-gmbh.de\/wp-content\/uploads\/2023\/06\/Logo_vektorisiert.png","contentUrl":"https:\/\/www.printec-gmbh.de\/wp-content\/uploads\/2023\/06\/Logo_vektorisiert.png","width":392,"height":126,"caption":"printec GmbH | Testing, Printing, Colouring"},"image":{"@id":"https:\/\/www.printec-gmbh.de\/en\/#\/schema\/logo\/image\/"}}]}},"_links":{"self":[{"href":"https:\/\/www.printec-gmbh.de\/en\/wp-json\/wp\/v2\/pages\/1625","targetHints":{"allow":["GET"]}}],"collection":[{"href":"https:\/\/www.printec-gmbh.de\/en\/wp-json\/wp\/v2\/pages"}],"about":[{"href":"https:\/\/www.printec-gmbh.de\/en\/wp-json\/wp\/v2\/types\/page"}],"author":[{"embeddable":true,"href":"https:\/\/www.printec-gmbh.de\/en\/wp-json\/wp\/v2\/users\/1"}],"replies":[{"embeddable":true,"href":"https:\/\/www.printec-gmbh.de\/en\/wp-json\/wp\/v2\/comments?post=1625"}],"version-history":[{"count":2,"href":"https:\/\/www.printec-gmbh.de\/en\/wp-json\/wp\/v2\/pages\/1625\/revisions"}],"predecessor-version":[{"id":2474,"href":"https:\/\/www.printec-gmbh.de\/en\/wp-json\/wp\/v2\/pages\/1625\/revisions\/2474"}],"wp:attachment":[{"href":"https:\/\/www.printec-gmbh.de\/en\/wp-json\/wp\/v2\/media?parent=1625"}],"curies":[{"name":"wp","href":"https:\/\/api.w.org\/{rel}","templated":true}]}}