{"id":1638,"date":"2023-05-15T13:58:11","date_gmt":"2023-05-15T11:58:11","guid":{"rendered":"https:\/\/printec.mesudesign.de\/contract-manufacturing\/"},"modified":"2023-12-13T14:02:34","modified_gmt":"2023-12-13T13:02:34","slug":"contract-manufacturing","status":"publish","type":"page","link":"https:\/\/www.printec-gmbh.de\/en\/contract-manufacturing\/","title":{"rendered":"Contract manufacturing"},"content":{"rendered":"<div class=\"fusion-fullwidth fullwidth-box fusion-builder-row-1 fusion-flex-container has-pattern-background has-mask-background nonhundred-percent-fullwidth non-hundred-percent-height-scrolling\" style=\"--awb-border-radius-top-left:0px;--awb-border-radius-top-right:0px;--awb-border-radius-bottom-right:0px;--awb-border-radius-bottom-left:0px;--awb-flex-wrap:wrap;\" ><div class=\"fusion-builder-row fusion-row fusion-flex-align-items-flex-start fusion-flex-content-wrap\" style=\"max-width:1216.8px;margin-left: calc(-4% \/ 2 );margin-right: calc(-4% \/ 2 );\"><div class=\"fusion-layout-column fusion_builder_column fusion-builder-column-0 fusion_builder_column_1_1 1_1 fusion-flex-column\" style=\"--awb-bg-size:cover;--awb-width-large:100%;--awb-margin-top-large:0px;--awb-spacing-right-large:1.92%;--awb-margin-bottom-large:30px;--awb-spacing-left-large:1.92%;--awb-width-medium:100%;--awb-order-medium:0;--awb-spacing-right-medium:1.92%;--awb-spacing-left-medium:1.92%;--awb-width-small:100%;--awb-order-small:0;--awb-spacing-right-small:1.92%;--awb-spacing-left-small:1.92%;\"><div class=\"fusion-column-wrapper fusion-column-has-shadow fusion-flex-justify-content-flex-start fusion-content-layout-column\"><div class=\"fusion-title title fusion-title-1 fusion-sep-none fusion-title-text fusion-title-size-two\"><h2 class=\"fusion-title-heading title-heading-left fusion-responsive-typography-calculated\" style=\"margin:0;text-transform:none;--fontSize:46;line-height:1.25;\">CONTRACT MANUFACTURING: Your Partner for Custom Solutions<\/h2><\/div><\/div><\/div><div class=\"fusion-layout-column fusion_builder_column fusion-builder-column-1 fusion_builder_column_1_2 1_2 fusion-flex-column\" style=\"--awb-bg-size:cover;--awb-width-large:50%;--awb-margin-top-large:0px;--awb-spacing-right-large:3.84%;--awb-margin-bottom-large:30px;--awb-spacing-left-large:3.84%;--awb-width-medium:100%;--awb-order-medium:0;--awb-spacing-right-medium:1.92%;--awb-spacing-left-medium:1.92%;--awb-width-small:100%;--awb-order-small:0;--awb-spacing-right-small:1.92%;--awb-spacing-left-small:1.92%;\"><div class=\"fusion-column-wrapper fusion-column-has-shadow fusion-flex-justify-content-flex-start fusion-content-layout-column\"><div class=\"fusion-text fusion-text-1\" style=\"--awb-text-transform:none;--awb-text-color:var(--awb-color8);\"><p><span style=\"color: #000000;\">Welcome to printec, your trusted contract manufacturer for printing inks, lacquers, and chemical products. As a leading manufacturer of colors and coatings, we have extensive experience and a highly qualified team capable of handling all requirements, from research and development to production and packaging.<\/span><\/p>\n<p><span style=\"color: #000000;\"><b style=\"font-size: 20px; line-height: 45px;\" data-fusion-font=\"true\">OUR MANUFACTURING CAPABILITIES<\/b><\/span><\/p>\n<p><span style=\"color: #000000;\">Our state-of-the-art facility is designed to process a wide range of color and coating technologies, including UV, water-based, and solvent-based formulations. We have the flexibility to produce your products in various scales, from small lab samples to large IBC containers.<\/span><\/p>\n<p><b style=\"font-size: 20px;\" data-fusion-font=\"true\">From Raw Material Storage to Product Packaging: Your All-in-One Manufacturing Partner<\/b><\/p>\n<p><span style=\"color: #000000;\">At printec, we take pride in offering our customers the highest quality at competitive prices. In addition to manufacturing your formulations, we also offer raw material storage. Furthermore, we collaborate with external partners to handle special tasks such as labeling and packaging your products in delivery containers, spray cans, and pens. Our specially trained staff are proficient in handling hazardous materials, ensuring your peace of mind.<\/span><\/p>\n<\/div><\/div><\/div><div class=\"fusion-layout-column fusion_builder_column fusion-builder-column-2 fusion_builder_column_1_2 1_2 fusion-flex-column\" style=\"--awb-bg-size:cover;--awb-width-large:50%;--awb-margin-top-large:0px;--awb-spacing-right-large:3.84%;--awb-margin-bottom-large:30px;--awb-spacing-left-large:3.84%;--awb-width-medium:100%;--awb-order-medium:0;--awb-spacing-right-medium:1.92%;--awb-spacing-left-medium:1.92%;--awb-width-small:100%;--awb-order-small:0;--awb-spacing-right-small:1.92%;--awb-spacing-left-small:1.92%;\"><div class=\"fusion-column-wrapper fusion-column-has-shadow fusion-flex-justify-content-flex-start fusion-content-layout-column\"><div class=\"fusion-text fusion-text-2\" style=\"--awb-text-transform:none;--awb-text-color:var(--awb-color8);\"><p><b style=\"font-size: 20px;\" data-fusion-font=\"true\">Expertise and Quality Assurance<\/b><\/p>\n<p>In our well-equipped laboratory, we use extensive testing equipment to ensure that all products meet industry standards and the specific requirements of our customers. Your satisfaction and the quality of our products are our top priorities.<\/p>\n<p><b style=\"font-size: 20px;\" data-fusion-font=\"true\">Choose printec for Your Next Project<\/b><\/p>\n<p>Choose printec as your partner for your next paint and varnish project and experience the difference our expertise, flexibility and competitive prices can make to your business. Contact us today to learn more about how we can help you achieve your goals.<\/p>\n<p>Your printec Team<\/p>\n<\/div><\/div><\/div><\/div><\/div>\n","protected":false},"excerpt":{"rendered":"","protected":false},"author":1,"featured_media":0,"parent":0,"menu_order":0,"comment_status":"closed","ping_status":"closed","template":"","meta":{"footnotes":""},"class_list":["post-1638","page","type-page","status-publish","hentry"],"yoast_head":"<!-- This site is optimized with the Yoast SEO plugin v26.1.1 - https:\/\/yoast.com\/wordpress\/plugins\/seo\/ -->\n<title>Contract manufacturing | printec GmbH | Testing, Printing, Colouring<\/title>\n<meta name=\"description\" content=\"Welcome to printec, your trusted contract manufacturer for printing inks, lacquers, and chemical products. As a leading manufacturer ...\" \/>\n<meta name=\"robots\" content=\"index, follow, max-snippet:-1, max-image-preview:large, max-video-preview:-1\" \/>\n<link rel=\"canonical\" href=\"https:\/\/www.printec-gmbh.de\/en\/contract-manufacturing\/\" \/>\n<meta property=\"og:locale\" content=\"en_US\" \/>\n<meta property=\"og:type\" content=\"article\" \/>\n<meta property=\"og:title\" content=\"Contract manufacturing | printec GmbH | Testing, Printing, Colouring\" \/>\n<meta property=\"og:description\" content=\"Welcome to printec, your trusted contract manufacturer for printing inks, lacquers, and chemical products. As a leading manufacturer ...\" \/>\n<meta property=\"og:url\" content=\"https:\/\/www.printec-gmbh.de\/en\/contract-manufacturing\/\" \/>\n<meta property=\"og:site_name\" content=\"printec GmbH | Testing, Printing, Colouring\" \/>\n<meta property=\"article:modified_time\" content=\"2023-12-13T13:02:34+00:00\" \/>\n<meta property=\"og:image\" content=\"https:\/\/www.printec-gmbh.de\/wp-content\/uploads\/2023\/06\/Logo_vektorisiert.png\" \/>\n\t<meta property=\"og:image:width\" content=\"392\" \/>\n\t<meta property=\"og:image:height\" content=\"126\" \/>\n\t<meta property=\"og:image:type\" content=\"image\/png\" \/>\n<meta name=\"twitter:card\" content=\"summary_large_image\" \/>\n<meta name=\"twitter:label1\" content=\"Est. reading time\" \/>\n\t<meta name=\"twitter:data1\" content=\"7 minutes\" \/>\n<script type=\"application\/ld+json\" class=\"yoast-schema-graph\">{\"@context\":\"https:\/\/schema.org\",\"@graph\":[{\"@type\":\"WebPage\",\"@id\":\"https:\/\/www.printec-gmbh.de\/en\/contract-manufacturing\/\",\"url\":\"https:\/\/www.printec-gmbh.de\/en\/contract-manufacturing\/\",\"name\":\"Contract manufacturing | printec GmbH | Testing, Printing, Colouring\",\"isPartOf\":{\"@id\":\"https:\/\/www.printec-gmbh.de\/en\/#website\"},\"datePublished\":\"2023-05-15T11:58:11+00:00\",\"dateModified\":\"2023-12-13T13:02:34+00:00\",\"description\":\"Welcome to printec, your trusted contract manufacturer for printing inks, lacquers, and chemical products. As a leading manufacturer ...\",\"breadcrumb\":{\"@id\":\"https:\/\/www.printec-gmbh.de\/en\/contract-manufacturing\/#breadcrumb\"},\"inLanguage\":\"en-US\",\"potentialAction\":[{\"@type\":\"ReadAction\",\"target\":[\"https:\/\/www.printec-gmbh.de\/en\/contract-manufacturing\/\"]}]},{\"@type\":\"BreadcrumbList\",\"@id\":\"https:\/\/www.printec-gmbh.de\/en\/contract-manufacturing\/#breadcrumb\",\"itemListElement\":[{\"@type\":\"ListItem\",\"position\":1,\"name\":\"Startseite\",\"item\":\"https:\/\/www.printec-gmbh.de\/en\/\"},{\"@type\":\"ListItem\",\"position\":2,\"name\":\"Contract manufacturing\"}]},{\"@type\":\"WebSite\",\"@id\":\"https:\/\/www.printec-gmbh.de\/en\/#website\",\"url\":\"https:\/\/www.printec-gmbh.de\/en\/\",\"name\":\"printec GmbH | Testing, Printing, Colouring\",\"description\":\"Entdecken Sie das breite Spektrum an hochwertigen Druckfarben von printec, Ihrem Experten f\u00fcr chemische Formulierungen.\",\"publisher\":{\"@id\":\"https:\/\/www.printec-gmbh.de\/en\/#organization\"},\"alternateName\":\"UNSERE DRUCKFARBEN F\u00dcR SPEZIALM\u00c4RKTE\",\"potentialAction\":[{\"@type\":\"SearchAction\",\"target\":{\"@type\":\"EntryPoint\",\"urlTemplate\":\"https:\/\/www.printec-gmbh.de\/en\/?s={search_term_string}\"},\"query-input\":{\"@type\":\"PropertyValueSpecification\",\"valueRequired\":true,\"valueName\":\"search_term_string\"}}],\"inLanguage\":\"en-US\"},{\"@type\":\"Organization\",\"@id\":\"https:\/\/www.printec-gmbh.de\/en\/#organization\",\"name\":\"printec GmbH | Testing, Printing, Colouring\",\"alternateName\":\"UNSERE DRUCKFARBEN F\u00dcR SPEZIALM\u00c4RKTE. Entdecken Sie das breite Spektrum an hochwertigen Druckfarben von printec, Ihrem Experten f\u00fcr chemische Formulierungen.\",\"url\":\"https:\/\/www.printec-gmbh.de\/en\/\",\"logo\":{\"@type\":\"ImageObject\",\"inLanguage\":\"en-US\",\"@id\":\"https:\/\/www.printec-gmbh.de\/en\/#\/schema\/logo\/image\/\",\"url\":\"https:\/\/www.printec-gmbh.de\/wp-content\/uploads\/2023\/06\/Logo_vektorisiert.png\",\"contentUrl\":\"https:\/\/www.printec-gmbh.de\/wp-content\/uploads\/2023\/06\/Logo_vektorisiert.png\",\"width\":392,\"height\":126,\"caption\":\"printec GmbH | Testing, Printing, Colouring\"},\"image\":{\"@id\":\"https:\/\/www.printec-gmbh.de\/en\/#\/schema\/logo\/image\/\"}}]}<\/script>\n<!-- \/ Yoast SEO plugin. -->","yoast_head_json":{"title":"Contract manufacturing | printec GmbH | Testing, Printing, Colouring","description":"Welcome to printec, your trusted contract manufacturer for printing inks, lacquers, and chemical products. As a leading manufacturer ...","robots":{"index":"index","follow":"follow","max-snippet":"max-snippet:-1","max-image-preview":"max-image-preview:large","max-video-preview":"max-video-preview:-1"},"canonical":"https:\/\/www.printec-gmbh.de\/en\/contract-manufacturing\/","og_locale":"en_US","og_type":"article","og_title":"Contract manufacturing | printec GmbH | Testing, Printing, Colouring","og_description":"Welcome to printec, your trusted contract manufacturer for printing inks, lacquers, and chemical products. As a leading manufacturer ...","og_url":"https:\/\/www.printec-gmbh.de\/en\/contract-manufacturing\/","og_site_name":"printec GmbH | Testing, Printing, Colouring","article_modified_time":"2023-12-13T13:02:34+00:00","og_image":[{"width":392,"height":126,"url":"https:\/\/www.printec-gmbh.de\/wp-content\/uploads\/2023\/06\/Logo_vektorisiert.png","type":"image\/png"}],"twitter_card":"summary_large_image","twitter_misc":{"Est. reading time":"7 minutes"},"schema":{"@context":"https:\/\/schema.org","@graph":[{"@type":"WebPage","@id":"https:\/\/www.printec-gmbh.de\/en\/contract-manufacturing\/","url":"https:\/\/www.printec-gmbh.de\/en\/contract-manufacturing\/","name":"Contract manufacturing | printec GmbH | Testing, Printing, Colouring","isPartOf":{"@id":"https:\/\/www.printec-gmbh.de\/en\/#website"},"datePublished":"2023-05-15T11:58:11+00:00","dateModified":"2023-12-13T13:02:34+00:00","description":"Welcome to printec, your trusted contract manufacturer for printing inks, lacquers, and chemical products. As a leading manufacturer ...","breadcrumb":{"@id":"https:\/\/www.printec-gmbh.de\/en\/contract-manufacturing\/#breadcrumb"},"inLanguage":"en-US","potentialAction":[{"@type":"ReadAction","target":["https:\/\/www.printec-gmbh.de\/en\/contract-manufacturing\/"]}]},{"@type":"BreadcrumbList","@id":"https:\/\/www.printec-gmbh.de\/en\/contract-manufacturing\/#breadcrumb","itemListElement":[{"@type":"ListItem","position":1,"name":"Startseite","item":"https:\/\/www.printec-gmbh.de\/en\/"},{"@type":"ListItem","position":2,"name":"Contract manufacturing"}]},{"@type":"WebSite","@id":"https:\/\/www.printec-gmbh.de\/en\/#website","url":"https:\/\/www.printec-gmbh.de\/en\/","name":"printec GmbH | Testing, Printing, Colouring","description":"Entdecken Sie das breite Spektrum an hochwertigen Druckfarben von printec, Ihrem Experten f\u00fcr chemische Formulierungen.","publisher":{"@id":"https:\/\/www.printec-gmbh.de\/en\/#organization"},"alternateName":"UNSERE DRUCKFARBEN F\u00dcR SPEZIALM\u00c4RKTE","potentialAction":[{"@type":"SearchAction","target":{"@type":"EntryPoint","urlTemplate":"https:\/\/www.printec-gmbh.de\/en\/?s={search_term_string}"},"query-input":{"@type":"PropertyValueSpecification","valueRequired":true,"valueName":"search_term_string"}}],"inLanguage":"en-US"},{"@type":"Organization","@id":"https:\/\/www.printec-gmbh.de\/en\/#organization","name":"printec GmbH | Testing, Printing, Colouring","alternateName":"UNSERE DRUCKFARBEN F\u00dcR SPEZIALM\u00c4RKTE. Entdecken Sie das breite Spektrum an hochwertigen Druckfarben von printec, Ihrem Experten f\u00fcr chemische Formulierungen.","url":"https:\/\/www.printec-gmbh.de\/en\/","logo":{"@type":"ImageObject","inLanguage":"en-US","@id":"https:\/\/www.printec-gmbh.de\/en\/#\/schema\/logo\/image\/","url":"https:\/\/www.printec-gmbh.de\/wp-content\/uploads\/2023\/06\/Logo_vektorisiert.png","contentUrl":"https:\/\/www.printec-gmbh.de\/wp-content\/uploads\/2023\/06\/Logo_vektorisiert.png","width":392,"height":126,"caption":"printec GmbH | Testing, Printing, Colouring"},"image":{"@id":"https:\/\/www.printec-gmbh.de\/en\/#\/schema\/logo\/image\/"}}]}},"_links":{"self":[{"href":"https:\/\/www.printec-gmbh.de\/en\/wp-json\/wp\/v2\/pages\/1638","targetHints":{"allow":["GET"]}}],"collection":[{"href":"https:\/\/www.printec-gmbh.de\/en\/wp-json\/wp\/v2\/pages"}],"about":[{"href":"https:\/\/www.printec-gmbh.de\/en\/wp-json\/wp\/v2\/types\/page"}],"author":[{"embeddable":true,"href":"https:\/\/www.printec-gmbh.de\/en\/wp-json\/wp\/v2\/users\/1"}],"replies":[{"embeddable":true,"href":"https:\/\/www.printec-gmbh.de\/en\/wp-json\/wp\/v2\/comments?post=1638"}],"version-history":[{"count":10,"href":"https:\/\/www.printec-gmbh.de\/en\/wp-json\/wp\/v2\/pages\/1638\/revisions"}],"predecessor-version":[{"id":2422,"href":"https:\/\/www.printec-gmbh.de\/en\/wp-json\/wp\/v2\/pages\/1638\/revisions\/2422"}],"wp:attachment":[{"href":"https:\/\/www.printec-gmbh.de\/en\/wp-json\/wp\/v2\/media?parent=1638"}],"curies":[{"name":"wp","href":"https:\/\/api.w.org\/{rel}","templated":true}]}}