{"id":1661,"date":"2023-05-09T10:11:26","date_gmt":"2023-05-09T08:11:26","guid":{"rendered":"https:\/\/printec.mesudesign.de\/news\/"},"modified":"2023-10-13T09:35:25","modified_gmt":"2023-10-13T07:35:25","slug":"news","status":"publish","type":"page","link":"https:\/\/www.printec-gmbh.de\/en\/news\/","title":{"rendered":"News"},"content":{"rendered":"<p><div class=\"fusion-bg-parallax\" data-bg-align=\"center center\" data-direction=\"right\" data-mute=\"false\" data-opacity=\"100\" data-velocity=\"-0.4\" data-mobile-enabled=\"false\" data-break_parents=\"0\" data-bg-image=\"https:\/\/www.printec-gmbh.de\/wp-content\/uploads\/2023\/05\/AdobeStock_585132721_Preview.jpeg\" data-bg-repeat=\"false\" ><\/div><div class=\"fusion-fullwidth fullwidth-box fusion-builder-row-1 fusion-flex-container has-pattern-background has-mask-background fusion-parallax-right nonhundred-percent-fullwidth non-hundred-percent-height-scrolling lazyload\" style=\"--awb-border-sizes-top:0px;--awb-border-sizes-bottom:0px;--awb-border-sizes-left:0px;--awb-border-sizes-right:0px;--awb-border-radius-top-left:0px;--awb-border-radius-top-right:0px;--awb-border-radius-bottom-right:0px;--awb-border-radius-bottom-left:0px;--awb-padding-top:10%;--awb-padding-right:5%;--awb-padding-bottom:10%;--awb-padding-left:5%;--awb-background-size:contain;--awb-flex-wrap:wrap;\" data-bg=\"https:\/\/www.printec-gmbh.de\/wp-content\/uploads\/2023\/05\/AdobeStock_585132721_Preview.jpeg\" ><div class=\"fusion-builder-row fusion-row fusion-flex-align-items-flex-start fusion-flex-content-wrap\" style=\"max-width:calc( 1170px + 0px );margin-left: calc(-0px \/ 2 );margin-right: calc(-0px \/ 2 );\"><div class=\"fusion-layout-column fusion_builder_column fusion-builder-column-0 fusion_builder_column_1_1 1_1 fusion-flex-column\" style=\"--awb-bg-blend:overlay;--awb-bg-size:cover;--awb-width-large:100%;--awb-margin-top-large:0px;--awb-spacing-right-large:0px;--awb-margin-bottom-large:30px;--awb-spacing-left-large:0px;--awb-width-medium:100%;--awb-spacing-right-medium:0px;--awb-spacing-left-medium:0px;--awb-width-small:100%;--awb-spacing-right-small:0px;--awb-spacing-left-small:0px;\"><div class=\"fusion-column-wrapper fusion-flex-justify-content-flex-start fusion-content-layout-column\"><div class=\"fusion-title title fusion-title-1 fusion-sep-none fusion-title-center fusion-title-text fusion-title-size-one\" style=\"--awb-text-color:var(--awb-color4);--awb-margin-top:50px;--awb-margin-bottom:30px;--awb-margin-top-medium:20px;\"><h1 class=\"fusion-title-heading title-heading-center fusion-responsive-typography-calculated\" style=\"margin:0;text-transform:none;--fontSize:80;line-height:var(--awb-typography1-line-height);\">All our news<\/h1><\/div><div class=\"fusion-text fusion-text-1\" style=\"--awb-content-alignment:center;--awb-font-size:26px;--awb-line-height:36px;--awb-text-color:var(--awb-color1);\"><p>We are on the road for you and continue our education&#8230;<\/p>\n<\/div><\/div><\/div><\/div><\/div><div class=\"fusion-fullwidth fullwidth-box fusion-builder-row-2 fusion-flex-container nonhundred-percent-fullwidth non-hundred-percent-height-scrolling\" style=\"--awb-background-position:left top;--awb-border-sizes-top:0px;--awb-border-sizes-bottom:0px;--awb-border-sizes-left:0px;--awb-border-sizes-right:0px;--awb-border-radius-top-left:0px;--awb-border-radius-top-right:0px;--awb-border-radius-bottom-right:0px;--awb-border-radius-bottom-left:0px;--awb-padding-top:100px;--awb-padding-bottom:100px;--awb-flex-wrap:wrap;\" ><div class=\"fusion-builder-row fusion-row fusion-flex-align-items-flex-start fusion-flex-content-wrap\" style=\"max-width:calc( 1170px + 0px );margin-left: calc(-0px \/ 2 );margin-right: calc(-0px \/ 2 );\"><div class=\"fusion-layout-column fusion_builder_column fusion-builder-column-1 fusion_builder_column_1_1 1_1 fusion-flex-column fusion-flex-align-self-flex-start fusion-column-no-min-height\" style=\"--awb-bg-blend:overlay;--awb-bg-size:cover;--awb-width-large:100%;--awb-margin-top-large:0px;--awb-spacing-right-large:0px;--awb-margin-bottom-large:0px;--awb-spacing-left-large:0px;--awb-width-medium:100%;--awb-spacing-right-medium:0px;--awb-spacing-left-medium:0px;--awb-width-small:100%;--awb-spacing-right-small:0px;--awb-spacing-left-small:0px;\"><div class=\"fusion-column-wrapper fusion-flex-justify-content-flex-start fusion-content-layout-column\"><\/div><\/div><\/div><\/div><\/p>\n","protected":false},"excerpt":{"rendered":"","protected":false},"author":1,"featured_media":0,"parent":0,"menu_order":0,"comment_status":"closed","ping_status":"closed","template":"100-width.php","meta":{"footnotes":""},"class_list":["post-1661","page","type-page","status-publish","hentry"],"yoast_head":"<!-- This site is optimized with the Yoast SEO plugin v26.1.1 - https:\/\/yoast.com\/wordpress\/plugins\/seo\/ -->\n<title>News | printec GmbH | Testing, Printing, Colouring<\/title>\n<meta name=\"robots\" content=\"index, follow, max-snippet:-1, max-image-preview:large, max-video-preview:-1\" \/>\n<link rel=\"canonical\" href=\"https:\/\/www.printec-gmbh.de\/en\/news\/\" \/>\n<meta property=\"og:locale\" content=\"en_US\" \/>\n<meta property=\"og:type\" content=\"article\" \/>\n<meta property=\"og:title\" content=\"News | printec GmbH | Testing, Printing, Colouring\" \/>\n<meta property=\"og:url\" content=\"https:\/\/www.printec-gmbh.de\/en\/news\/\" \/>\n<meta property=\"og:site_name\" content=\"printec GmbH | Testing, Printing, Colouring\" \/>\n<meta property=\"article:modified_time\" content=\"2023-10-13T07:35:25+00:00\" \/>\n<meta property=\"og:image\" content=\"https:\/\/www.printec-gmbh.de\/wp-content\/uploads\/2023\/06\/Logo_vektorisiert.png\" \/>\n\t<meta property=\"og:image:width\" content=\"392\" \/>\n\t<meta property=\"og:image:height\" content=\"126\" \/>\n\t<meta property=\"og:image:type\" content=\"image\/png\" \/>\n<meta name=\"twitter:card\" content=\"summary_large_image\" \/>\n<meta name=\"twitter:label1\" content=\"Est. reading time\" \/>\n\t<meta name=\"twitter:data1\" content=\"5 minutes\" \/>\n<script type=\"application\/ld+json\" class=\"yoast-schema-graph\">{\"@context\":\"https:\/\/schema.org\",\"@graph\":[{\"@type\":\"WebPage\",\"@id\":\"https:\/\/www.printec-gmbh.de\/en\/news\/\",\"url\":\"https:\/\/www.printec-gmbh.de\/en\/news\/\",\"name\":\"News | printec GmbH | Testing, Printing, Colouring\",\"isPartOf\":{\"@id\":\"https:\/\/www.printec-gmbh.de\/en\/#website\"},\"datePublished\":\"2023-05-09T08:11:26+00:00\",\"dateModified\":\"2023-10-13T07:35:25+00:00\",\"breadcrumb\":{\"@id\":\"https:\/\/www.printec-gmbh.de\/en\/news\/#breadcrumb\"},\"inLanguage\":\"en-US\",\"potentialAction\":[{\"@type\":\"ReadAction\",\"target\":[\"https:\/\/www.printec-gmbh.de\/en\/news\/\"]}]},{\"@type\":\"BreadcrumbList\",\"@id\":\"https:\/\/www.printec-gmbh.de\/en\/news\/#breadcrumb\",\"itemListElement\":[{\"@type\":\"ListItem\",\"position\":1,\"name\":\"Startseite\",\"item\":\"https:\/\/www.printec-gmbh.de\/en\/\"},{\"@type\":\"ListItem\",\"position\":2,\"name\":\"News\"}]},{\"@type\":\"WebSite\",\"@id\":\"https:\/\/www.printec-gmbh.de\/en\/#website\",\"url\":\"https:\/\/www.printec-gmbh.de\/en\/\",\"name\":\"printec GmbH | Testing, Printing, Colouring\",\"description\":\"Entdecken Sie das breite Spektrum an hochwertigen Druckfarben von printec, Ihrem Experten f\u00fcr chemische Formulierungen.\",\"publisher\":{\"@id\":\"https:\/\/www.printec-gmbh.de\/en\/#organization\"},\"alternateName\":\"UNSERE DRUCKFARBEN F\u00dcR SPEZIALM\u00c4RKTE\",\"potentialAction\":[{\"@type\":\"SearchAction\",\"target\":{\"@type\":\"EntryPoint\",\"urlTemplate\":\"https:\/\/www.printec-gmbh.de\/en\/?s={search_term_string}\"},\"query-input\":{\"@type\":\"PropertyValueSpecification\",\"valueRequired\":true,\"valueName\":\"search_term_string\"}}],\"inLanguage\":\"en-US\"},{\"@type\":\"Organization\",\"@id\":\"https:\/\/www.printec-gmbh.de\/en\/#organization\",\"name\":\"printec GmbH | Testing, Printing, Colouring\",\"alternateName\":\"UNSERE DRUCKFARBEN F\u00dcR SPEZIALM\u00c4RKTE. Entdecken Sie das breite Spektrum an hochwertigen Druckfarben von printec, Ihrem Experten f\u00fcr chemische Formulierungen.\",\"url\":\"https:\/\/www.printec-gmbh.de\/en\/\",\"logo\":{\"@type\":\"ImageObject\",\"inLanguage\":\"en-US\",\"@id\":\"https:\/\/www.printec-gmbh.de\/en\/#\/schema\/logo\/image\/\",\"url\":\"https:\/\/www.printec-gmbh.de\/wp-content\/uploads\/2023\/06\/Logo_vektorisiert.png\",\"contentUrl\":\"https:\/\/www.printec-gmbh.de\/wp-content\/uploads\/2023\/06\/Logo_vektorisiert.png\",\"width\":392,\"height\":126,\"caption\":\"printec GmbH | Testing, Printing, Colouring\"},\"image\":{\"@id\":\"https:\/\/www.printec-gmbh.de\/en\/#\/schema\/logo\/image\/\"}}]}<\/script>\n<!-- \/ Yoast SEO plugin. -->","yoast_head_json":{"title":"News | printec GmbH | Testing, Printing, Colouring","robots":{"index":"index","follow":"follow","max-snippet":"max-snippet:-1","max-image-preview":"max-image-preview:large","max-video-preview":"max-video-preview:-1"},"canonical":"https:\/\/www.printec-gmbh.de\/en\/news\/","og_locale":"en_US","og_type":"article","og_title":"News | printec GmbH | Testing, Printing, Colouring","og_url":"https:\/\/www.printec-gmbh.de\/en\/news\/","og_site_name":"printec GmbH | Testing, Printing, Colouring","article_modified_time":"2023-10-13T07:35:25+00:00","og_image":[{"width":392,"height":126,"url":"https:\/\/www.printec-gmbh.de\/wp-content\/uploads\/2023\/06\/Logo_vektorisiert.png","type":"image\/png"}],"twitter_card":"summary_large_image","twitter_misc":{"Est. reading time":"5 minutes"},"schema":{"@context":"https:\/\/schema.org","@graph":[{"@type":"WebPage","@id":"https:\/\/www.printec-gmbh.de\/en\/news\/","url":"https:\/\/www.printec-gmbh.de\/en\/news\/","name":"News | printec GmbH | Testing, Printing, Colouring","isPartOf":{"@id":"https:\/\/www.printec-gmbh.de\/en\/#website"},"datePublished":"2023-05-09T08:11:26+00:00","dateModified":"2023-10-13T07:35:25+00:00","breadcrumb":{"@id":"https:\/\/www.printec-gmbh.de\/en\/news\/#breadcrumb"},"inLanguage":"en-US","potentialAction":[{"@type":"ReadAction","target":["https:\/\/www.printec-gmbh.de\/en\/news\/"]}]},{"@type":"BreadcrumbList","@id":"https:\/\/www.printec-gmbh.de\/en\/news\/#breadcrumb","itemListElement":[{"@type":"ListItem","position":1,"name":"Startseite","item":"https:\/\/www.printec-gmbh.de\/en\/"},{"@type":"ListItem","position":2,"name":"News"}]},{"@type":"WebSite","@id":"https:\/\/www.printec-gmbh.de\/en\/#website","url":"https:\/\/www.printec-gmbh.de\/en\/","name":"printec GmbH | Testing, Printing, Colouring","description":"Entdecken Sie das breite Spektrum an hochwertigen Druckfarben von printec, Ihrem Experten f\u00fcr chemische Formulierungen.","publisher":{"@id":"https:\/\/www.printec-gmbh.de\/en\/#organization"},"alternateName":"UNSERE DRUCKFARBEN F\u00dcR SPEZIALM\u00c4RKTE","potentialAction":[{"@type":"SearchAction","target":{"@type":"EntryPoint","urlTemplate":"https:\/\/www.printec-gmbh.de\/en\/?s={search_term_string}"},"query-input":{"@type":"PropertyValueSpecification","valueRequired":true,"valueName":"search_term_string"}}],"inLanguage":"en-US"},{"@type":"Organization","@id":"https:\/\/www.printec-gmbh.de\/en\/#organization","name":"printec GmbH | Testing, Printing, Colouring","alternateName":"UNSERE DRUCKFARBEN F\u00dcR SPEZIALM\u00c4RKTE. Entdecken Sie das breite Spektrum an hochwertigen Druckfarben von printec, Ihrem Experten f\u00fcr chemische Formulierungen.","url":"https:\/\/www.printec-gmbh.de\/en\/","logo":{"@type":"ImageObject","inLanguage":"en-US","@id":"https:\/\/www.printec-gmbh.de\/en\/#\/schema\/logo\/image\/","url":"https:\/\/www.printec-gmbh.de\/wp-content\/uploads\/2023\/06\/Logo_vektorisiert.png","contentUrl":"https:\/\/www.printec-gmbh.de\/wp-content\/uploads\/2023\/06\/Logo_vektorisiert.png","width":392,"height":126,"caption":"printec GmbH | Testing, Printing, Colouring"},"image":{"@id":"https:\/\/www.printec-gmbh.de\/en\/#\/schema\/logo\/image\/"}}]}},"_links":{"self":[{"href":"https:\/\/www.printec-gmbh.de\/en\/wp-json\/wp\/v2\/pages\/1661","targetHints":{"allow":["GET"]}}],"collection":[{"href":"https:\/\/www.printec-gmbh.de\/en\/wp-json\/wp\/v2\/pages"}],"about":[{"href":"https:\/\/www.printec-gmbh.de\/en\/wp-json\/wp\/v2\/types\/page"}],"author":[{"embeddable":true,"href":"https:\/\/www.printec-gmbh.de\/en\/wp-json\/wp\/v2\/users\/1"}],"replies":[{"embeddable":true,"href":"https:\/\/www.printec-gmbh.de\/en\/wp-json\/wp\/v2\/comments?post=1661"}],"version-history":[{"count":2,"href":"https:\/\/www.printec-gmbh.de\/en\/wp-json\/wp\/v2\/pages\/1661\/revisions"}],"predecessor-version":[{"id":1673,"href":"https:\/\/www.printec-gmbh.de\/en\/wp-json\/wp\/v2\/pages\/1661\/revisions\/1673"}],"wp:attachment":[{"href":"https:\/\/www.printec-gmbh.de\/en\/wp-json\/wp\/v2\/media?parent=1661"}],"curies":[{"name":"wp","href":"https:\/\/api.w.org\/{rel}","templated":true}]}}